{"id":12,"date":"2016-04-04T10:40:43","date_gmt":"2016-04-04T08:40:43","guid":{"rendered":"http:\/\/www.asianajotori.fi\/?page_id=12"},"modified":"2018-03-21T20:48:34","modified_gmt":"2018-03-21T20:48:34","slug":"staff","status":"publish","type":"page","link":"http:\/\/www.asianajotori.fi\/en\/staff\/","title":{"rendered":"Henkil\u00f6st\u00f6"},"content":{"rendered":"<p><\/p>\n<table border=\"0\" width=\"600\">\n<tbody>\n<tr>\n<td align=\"left\" width=\"300\"><strong>Lawyer Jarmo Eskelinen<\/strong><\/p>\n<p>Master of Laws,\u00a0Master in Law with court training<br \/>\nLawyer since 1985<br \/>\n<a href=\"http:\/\/www.kiinteistoliitto.fi\/kanta-hame\/\">Real estate union Kanta-H\u00e4me<\/a>, legal Adviser<br \/>\n<a href=\"https:\/\/www.yrittajat.fi\/hameen-yrittajat\">H\u00e4meen Yritt\u00e4j\u00e4t ry<\/a>, companys Advisor of legal matters<\/p>\n<p><strong>Juridcal work experience:<\/strong><br \/>\nRegistrar<br \/>\nDeputy Lensmann<br \/>\nTax Agency General Counsel<br \/>\nPrevious participations at law firms:<br \/>\nLaw firm Eskelinen and Nisula Ay<br \/>\nLaw firm Eskelinen Oy<br \/>\nLaw firm Eskelinen and Suokas Oy<\/p>\n<p>jarmo.eskelinen(at)asianajotori.fi<\/td>\n<td align=\"left\" width=\"300\"><span class=\"BoldText\"><strong>Positions of responsibility:<\/strong><br \/>\n<span class=\"NormalText\">H\u00e4meenlinna- Yritt\u00e4j\u00e4uutiset, editor-in-chief<br \/>\n<\/span><\/span><span class=\"BoldText\"><span class=\"BoldText\"><strong>Previous positions of responsibility:<br \/>\n<\/strong>Finnish bar association (member of council)<br \/>\nFinnish bar association H\u00e4me department (vice-chairman of board of directions)<br \/>\nH\u00e4meen Uusiyrityskeskus (chairman of\u00a0board of directions) Suomen<br \/>\nH\u00e4meen Yritt\u00e4j\u00e4t ry (member of\u00a0board of directions)<br \/>\nSuomen Kiinteist\u00f6liitto ry (member of\u00a0board of directions)<br \/>\nTalokeskus Oy, member of\u00a0board of directions<br \/>\nKanta-H\u00e4meen Kiinteist\u00f6yhdistys (Kiinteist\u00f6liitto Kanta-H\u00e4me), (chairman of\u00a0board of directions)<br \/>\nKanta-H\u00e4meen Talokeskus Oy (vice-chairman of\u00a0board of directions) H\u00e4meenlinnan Yritt\u00e4j\u00e4t ry (chairman of\u00a0board of directions)<br \/>\nSuomen Palloliitto (liittovaltuusto)<br \/>\nSuomen Palloliitto Tampereen piiri (member of\u00a0board of directions)<br \/>\nH\u00e4meenlinnan Juniorijalkapallo HJS (member of\u00a0board of directions)<\/span><\/span><\/td>\n<\/tr>\n<\/tbody>\n<\/table>\n<table border=\"0\" width=\"600\">\n<tbody>\n<tr>\n<td align=\"left\" width=\"300\"><strong>Lawyer Jarmo Eskelinen<\/strong><\/p>\n<p>Master of Laws,\u00a0Master in Law with court training<br \/>\nLawyer since 1985<br \/>\n<a href=\"http:\/\/www.kiinteistoliitto.fi\/kanta-hame\/\">Real estate union Kanta-H\u00e4me<\/a>, legal Adviser<br \/>\n<a href=\"https:\/\/www.yrittajat.fi\/hameen-yrittajat\">H\u00e4meen Yritt\u00e4j\u00e4t ry<\/a>, companys Advisor of legal matters<\/p>\n<p><strong>Juridcal work experience:<\/strong><br \/>\nRegistrar<br \/>\nDeputy Lensmann<br \/>\nTax Agency General Counsel<br \/>\nPrevious participations at law firms:<br \/>\nLaw firm Eskelinen and Nisula Ay<br \/>\nLaw firm Eskelinen Oy<br \/>\nLaw firm Eskelinen and Suokas Oy<\/p>\n<p>jarmo.eskelinen(at)asianajotori.fi<\/td>\n<td align=\"left\" width=\"300\"><span class=\"BoldText\"><strong>Positions of responsibility:<\/strong><br \/>\n<span class=\"NormalText\">H\u00e4meenlinna- Yritt\u00e4j\u00e4uutiset, editor-in-chief<br \/>\n<\/span><\/span><span class=\"BoldText\"><span class=\"BoldText\"><strong>Previous positions of responsibility:<br \/>\n<\/strong>Finnish bar association (member of council)<br \/>\nFinnish bar association H\u00e4me department (vice-chairman of board of directions)<br \/>\nH\u00e4meen Uusiyrityskeskus (chairman of\u00a0board of directions) Suomen<br \/>\nH\u00e4meen Yritt\u00e4j\u00e4t ry (member of\u00a0board of directions)<br \/>\nSuomen Kiinteist\u00f6liitto ry (member of\u00a0board of directions)<br \/>\nTalokeskus Oy, member of\u00a0board of directions<br \/>\nKanta-H\u00e4meen Kiinteist\u00f6yhdistys (Kiinteist\u00f6liitto Kanta-H\u00e4me), (chairman of\u00a0board of directions)<br \/>\nKanta-H\u00e4meen Talokeskus Oy (vice-chairman of\u00a0board of directions) H\u00e4meenlinnan Yritt\u00e4j\u00e4t ry (chairman of\u00a0board of directions)<br \/>\nSuomen Palloliitto (liittovaltuusto)<br \/>\nSuomen Palloliitto Tampereen piiri (member of\u00a0board of directions)<br \/>\nH\u00e4meenlinnan Juniorijalkapallo HJS (member of\u00a0board of directions)<\/span><\/span><\/td>\n<\/tr>\n<\/tbody>\n<\/table>\n<p><\/p>","protected":false},"excerpt":{"rendered":"<p>Lawyer Jarmo Eskelinen Master of Laws,\u00a0Master in Law with court training Lawyer since 1985 Real estate union Kanta-H\u00e4me, legal Adviser H\u00e4meen Yritt\u00e4j\u00e4t ry, companys Advisor of legal matters Juridcal work experience: Registrar Deputy Lensmann Tax Agency General Counsel Previous participations at law firms: Law firm Eskelinen and Nisula Ay Law firm Eskelinen Oy Law firm Eskelinen and Suokas Oy jarmo.eskelinen(at)asianajotori.fi&#8230; <a href=\"http:\/\/www.asianajotori.fi\/en\/staff\/\">Read more &raquo;<\/a><\/p>\n","protected":false},"author":1,"featured_media":0,"parent":0,"menu_order":0,"comment_status":"closed","ping_status":"closed","template":"","meta":{"footnotes":""},"class_list":["post-12","page","type-page","status-publish","hentry"],"_links":{"self":[{"href":"http:\/\/www.asianajotori.fi\/en\/wp-json\/wp\/v2\/pages\/12","targetHints":{"allow":["GET"]}}],"collection":[{"href":"http:\/\/www.asianajotori.fi\/en\/wp-json\/wp\/v2\/pages"}],"about":[{"href":"http:\/\/www.asianajotori.fi\/en\/wp-json\/wp\/v2\/types\/page"}],"author":[{"embeddable":true,"href":"http:\/\/www.asianajotori.fi\/en\/wp-json\/wp\/v2\/users\/1"}],"replies":[{"embeddable":true,"href":"http:\/\/www.asianajotori.fi\/en\/wp-json\/wp\/v2\/comments?post=12"}],"version-history":[{"count":3,"href":"http:\/\/www.asianajotori.fi\/en\/wp-json\/wp\/v2\/pages\/12\/revisions"}],"predecessor-version":[{"id":173,"href":"http:\/\/www.asianajotori.fi\/en\/wp-json\/wp\/v2\/pages\/12\/revisions\/173"}],"wp:attachment":[{"href":"http:\/\/www.asianajotori.fi\/en\/wp-json\/wp\/v2\/media?parent=12"}],"curies":[{"name":"wp","href":"https:\/\/api.w.org\/{rel}","templated":true}]}}