{"id":18,"date":"2016-04-04T10:42:45","date_gmt":"2016-04-04T08:42:45","guid":{"rendered":"http:\/\/www.asianajotori.fi\/?page_id=18"},"modified":"2016-04-04T10:42:45","modified_gmt":"2016-04-04T08:42:45","slug":"yhteistyo","status":"publish","type":"page","link":"http:\/\/www.asianajotori.fi\/en\/yhteistyo\/","title":{"rendered":"Yhteisty\u00f6"},"content":{"rendered":"<p><strong>Among other things, below mentioned lobbying organizations are our cooperation partners:<br \/>\n<\/strong><br \/>\n<strong>H\u00e4meen Yritt\u00e4j\u00e4t ry<\/strong><br \/>\nLaw firm has a lawyers contract with H\u00e4meen Yritt\u00e4j\u00e4t. All members have a right to get legal advices.<\/p>\n<p><strong>Kanta-H\u00e4meen Kiinteist\u00f6liitto<\/strong><br \/>\nJarmo Eskelinen has a lawers contract with Kiinteist\u00f6liitto Kanta-H\u00e4me. Members are most of the housing Limited Liability Companies and real estates of Kanta-H\u00e4me.<\/p>\n<p><strong>Duties include:<\/strong><\/p>\n<ul>\n<li class=\"NormalText\">member companies law assistance<\/li>\n<\/ul>\n<p class=\"NormalText\">Companies initial advice is free. Assignment is chargeable. While contacting company&#8217;s member ID is to be presented.<\/p>\n<p><\/p>","protected":false},"excerpt":{"rendered":"<p>Among other things, below mentioned lobbying organizations are our cooperation partners: H\u00e4meen Yritt\u00e4j\u00e4t ry Law firm has a lawyers contract with H\u00e4meen Yritt\u00e4j\u00e4t. All members have a right to get legal advices. Kanta-H\u00e4meen Kiinteist\u00f6liitto Jarmo Eskelinen has a lawers contract with Kiinteist\u00f6liitto Kanta-H\u00e4me. Members are most of the housing Limited Liability Companies and real estates of Kanta-H\u00e4me. Duties include: member&#8230; <a href=\"http:\/\/www.asianajotori.fi\/en\/yhteistyo\/\">Read more &raquo;<\/a><\/p>\n","protected":false},"author":1,"featured_media":0,"parent":0,"menu_order":0,"comment_status":"closed","ping_status":"closed","template":"","meta":{"footnotes":""},"class_list":["post-18","page","type-page","status-publish","hentry"],"_links":{"self":[{"href":"http:\/\/www.asianajotori.fi\/en\/wp-json\/wp\/v2\/pages\/18","targetHints":{"allow":["GET"]}}],"collection":[{"href":"http:\/\/www.asianajotori.fi\/en\/wp-json\/wp\/v2\/pages"}],"about":[{"href":"http:\/\/www.asianajotori.fi\/en\/wp-json\/wp\/v2\/types\/page"}],"author":[{"embeddable":true,"href":"http:\/\/www.asianajotori.fi\/en\/wp-json\/wp\/v2\/users\/1"}],"replies":[{"embeddable":true,"href":"http:\/\/www.asianajotori.fi\/en\/wp-json\/wp\/v2\/comments?post=18"}],"version-history":[{"count":0,"href":"http:\/\/www.asianajotori.fi\/en\/wp-json\/wp\/v2\/pages\/18\/revisions"}],"wp:attachment":[{"href":"http:\/\/www.asianajotori.fi\/en\/wp-json\/wp\/v2\/media?parent=18"}],"curies":[{"name":"wp","href":"https:\/\/api.w.org\/{rel}","templated":true}]}}