{"id":379,"date":"2024-08-21T12:42:42","date_gmt":"2024-08-21T12:42:42","guid":{"rendered":"https:\/\/www.asianajotori.fi\/?page_id=379"},"modified":"2025-01-11T14:59:53","modified_gmt":"2025-01-11T14:59:53","slug":"palvelut2","status":"publish","type":"page","link":"http:\/\/www.asianajotori.fi\/en\/palvelut2\/","title":{"rendered":"Palvelut2"},"content":{"rendered":"\t\t<div data-elementor-type=\"wp-page\" data-elementor-id=\"379\" class=\"elementor elementor-379\" data-elementor-post-type=\"page\">\n\t\t\t\t<div class=\"elementor-element elementor-element-189768df e-con-full e-flex e-con e-parent\" data-id=\"189768df\" data-element_type=\"container\" data-settings=\"{&quot;background_background&quot;:&quot;classic&quot;,&quot;sticky&quot;:&quot;top&quot;,&quot;sticky_on&quot;:[&quot;desktop&quot;,&quot;tablet&quot;,&quot;mobile&quot;],&quot;sticky_offset&quot;:0,&quot;sticky_effects_offset&quot;:0,&quot;sticky_anchor_link_offset&quot;:0}\">\n\t\t<div class=\"elementor-element elementor-element-1caddd87 e-con-full e-flex e-con e-child\" data-id=\"1caddd87\" data-element_type=\"container\">\n\t\t\t\t<div class=\"elementor-element elementor-element-3ce37a86 elementor-widget elementor-widget-theme-site-logo elementor-widget-image\" data-id=\"3ce37a86\" data-element_type=\"widget\" data-widget_type=\"theme-site-logo.default\">\n\t\t\t\t<div class=\"elementor-widget-container\">\n\t\t\t\t\t\t\t\t\t\t\t<a href=\"http:\/\/www.asianajotori.fi\/en\">\n\t\t\t<img fetchpriority=\"high\" decoding=\"async\" width=\"1028\" height=\"389\" src=\"http:\/\/www.asianajotori.fi\/wp-content\/uploads\/2024\/05\/Nimeton-malli-25.png\" class=\"attachment-full size-full wp-image-286\" alt=\"\" srcset=\"http:\/\/www.asianajotori.fi\/wp-content\/uploads\/2024\/05\/Nimeton-malli-25.png 1028w, http:\/\/www.asianajotori.fi\/wp-content\/uploads\/2024\/05\/Nimeton-malli-25-300x114.png 300w, http:\/\/www.asianajotori.fi\/wp-content\/uploads\/2024\/05\/Nimeton-malli-25-1024x387.png 1024w, http:\/\/www.asianajotori.fi\/wp-content\/uploads\/2024\/05\/Nimeton-malli-25-768x291.png 768w, http:\/\/www.asianajotori.fi\/wp-content\/uploads\/2024\/05\/Nimeton-malli-25-624x236.png 624w\" sizes=\"(max-width: 1028px) 100vw, 1028px\" \/>\t\t\t\t<\/a>\n\t\t\t\t\t\t\t\t\t\t\t<\/div>\n\t\t\t\t<\/div>\n\t\t\t\t<\/div>\n\t\t<div class=\"elementor-element elementor-element-49024a96 e-con-full e-flex e-con e-child\" data-id=\"49024a96\" data-element_type=\"container\">\n\t\t\t\t<div class=\"elementor-element elementor-element-5fcf1d6c elementor-nav-menu--stretch elementor-nav-menu__align-end elementor-nav-menu--dropdown-mobile elementor-nav-menu__text-align-aside elementor-nav-menu--toggle elementor-nav-menu--burger elementor-widget elementor-widget-nav-menu\" data-id=\"5fcf1d6c\" data-element_type=\"widget\" data-settings=\"{&quot;full_width&quot;:&quot;stretch&quot;,&quot;layout&quot;:&quot;horizontal&quot;,&quot;submenu_icon&quot;:{&quot;value&quot;:&quot;&lt;svg class=\\&quot;e-font-icon-svg e-fas-caret-down\\&quot; viewBox=\\&quot;0 0 320 512\\&quot; xmlns=\\&quot;http:\\\/\\\/www.w3.org\\\/2000\\\/svg\\&quot;&gt;&lt;path d=\\&quot;M31.3 192h257.3c17.8 0 26.7 21.5 14.1 34.1L174.1 354.8c-7.8 7.8-20.5 7.8-28.3 0L17.2 226.1C4.6 213.5 13.5 192 31.3 192z\\&quot;&gt;&lt;\\\/path&gt;&lt;\\\/svg&gt;&quot;,&quot;library&quot;:&quot;fa-solid&quot;},&quot;toggle&quot;:&quot;burger&quot;}\" data-widget_type=\"nav-menu.default\">\n\t\t\t\t<div class=\"elementor-widget-container\">\n\t\t\t\t\t\t\t\t<nav aria-label=\"Menu\" class=\"elementor-nav-menu--main elementor-nav-menu__container elementor-nav-menu--layout-horizontal e--pointer-underline e--animation-fade\">\n\t\t\t\t<ul id=\"menu-1-5fcf1d6c\" class=\"elementor-nav-menu\"><li class=\"menu-item menu-item-type-post_type menu-item-object-page menu-item-562\"><a href=\"http:\/\/www.asianajotori.fi\/en\/asianajotori\/\" class=\"elementor-item\">Asianajotori<\/a><\/li>\n<li class=\"menu-item menu-item-type-post_type menu-item-object-page menu-item-561\"><a href=\"http:\/\/www.asianajotori.fi\/en\/palvelut2\/\" class=\"elementor-item\">Palvelut2<\/a><\/li>\n<li class=\"menu-item menu-item-type-post_type menu-item-object-page menu-item-559\"><a href=\"http:\/\/www.asianajotori.fi\/en\/jarmo-eskelinen\/\" class=\"elementor-item\">Jarmo Eskelinen<\/a><\/li>\n<li class=\"menu-item menu-item-type-post_type menu-item-object-page menu-item-560\"><a href=\"http:\/\/www.asianajotori.fi\/en\/yhteydenotot2\/\" class=\"elementor-item\">Yhteydenotot2<\/a><\/li>\n<\/ul>\t\t\t<\/nav>\n\t\t\t\t\t<div class=\"elementor-menu-toggle\" role=\"button\" tabindex=\"0\" aria-label=\"Menu Toggle\" aria-expanded=\"false\">\n\t\t\t<svg aria-hidden=\"true\" role=\"presentation\" class=\"elementor-menu-toggle__icon--open e-font-icon-svg e-eicon-menu-bar\" viewBox=\"0 0 1000 1000\" xmlns=\"http:\/\/www.w3.org\/2000\/svg\"><path d=\"M104 333H896C929 333 958 304 958 271S929 208 896 208H104C71 208 42 237 42 271S71 333 104 333ZM104 583H896C929 583 958 554 958 521S929 458 896 458H104C71 458 42 487 42 521S71 583 104 583ZM104 833H896C929 833 958 804 958 771S929 708 896 708H104C71 708 42 737 42 771S71 833 104 833Z\"><\/path><\/svg><svg aria-hidden=\"true\" role=\"presentation\" class=\"elementor-menu-toggle__icon--close e-font-icon-svg e-eicon-close\" viewBox=\"0 0 1000 1000\" xmlns=\"http:\/\/www.w3.org\/2000\/svg\"><path d=\"M742 167L500 408 258 167C246 154 233 150 217 150 196 150 179 158 167 167 154 179 150 196 150 212 150 229 154 242 171 254L408 500 167 742C138 771 138 800 167 829 196 858 225 858 254 829L496 587 738 829C750 842 767 846 783 846 800 846 817 842 829 829 842 817 846 804 846 783 846 767 842 750 829 737L588 500 833 258C863 229 863 200 833 171 804 137 775 137 742 167Z\"><\/path><\/svg>\t\t<\/div>\n\t\t\t\t\t<nav class=\"elementor-nav-menu--dropdown elementor-nav-menu__container\" aria-hidden=\"true\">\n\t\t\t\t<ul id=\"menu-2-5fcf1d6c\" class=\"elementor-nav-menu\"><li class=\"menu-item menu-item-type-post_type menu-item-object-page menu-item-562\"><a href=\"http:\/\/www.asianajotori.fi\/en\/asianajotori\/\" class=\"elementor-item\" tabindex=\"-1\">Asianajotori<\/a><\/li>\n<li class=\"menu-item menu-item-type-post_type menu-item-object-page menu-item-561\"><a href=\"http:\/\/www.asianajotori.fi\/en\/palvelut2\/\" class=\"elementor-item\" tabindex=\"-1\">Palvelut2<\/a><\/li>\n<li class=\"menu-item menu-item-type-post_type menu-item-object-page menu-item-559\"><a href=\"http:\/\/www.asianajotori.fi\/en\/jarmo-eskelinen\/\" class=\"elementor-item\" tabindex=\"-1\">Jarmo Eskelinen<\/a><\/li>\n<li class=\"menu-item menu-item-type-post_type menu-item-object-page menu-item-560\"><a href=\"http:\/\/www.asianajotori.fi\/en\/yhteydenotot2\/\" class=\"elementor-item\" tabindex=\"-1\">Yhteydenotot2<\/a><\/li>\n<\/ul>\t\t\t<\/nav>\n\t\t\t\t\t\t<\/div>\n\t\t\t\t<\/div>\n\t\t\t\t<div class=\"elementor-element elementor-element-2cec5f91 elementor-align-right elementor-widget elementor-widget-button\" data-id=\"2cec5f91\" data-element_type=\"widget\" data-widget_type=\"button.default\">\n\t\t\t\t<div class=\"elementor-widget-container\">\n\t\t\t\t\t\t\t\t\t<div class=\"elementor-button-wrapper\">\n\t\t\t\t\t<a class=\"elementor-button elementor-size-sm\" role=\"button\">\n\t\t\t\t\t\t<span class=\"elementor-button-content-wrapper\">\n\t\t\t\t\t\t\t\t\t<span class=\"elementor-button-text\">Ota yhteytt\u00e4<\/span>\n\t\t\t\t\t<\/span>\n\t\t\t\t\t<\/a>\n\t\t\t\t<\/div>\n\t\t\t\t\t\t\t\t<\/div>\n\t\t\t\t<\/div>\n\t\t\t\t<\/div>\n\t\t\t\t<\/div>\n\t\t<div class=\"elementor-element elementor-element-dd95bd5 e-con-full e-flex e-con e-parent\" data-id=\"dd95bd5\" data-element_type=\"container\" data-settings=\"{&quot;background_background&quot;:&quot;classic&quot;}\">\n\t\t\t\t<div class=\"elementor-element elementor-element-2eb9cd3 elementor-widget elementor-widget-heading\" data-id=\"2eb9cd3\" data-element_type=\"widget\" data-widget_type=\"heading.default\">\n\t\t\t\t<div class=\"elementor-widget-container\">\n\t\t\t\t\t<h2 class=\"elementor-heading-title elementor-size-default\">Palvelut<\/h2>\t\t\t\t<\/div>\n\t\t\t\t<\/div>\n\t\t\t\t<div class=\"elementor-element elementor-element-d99f465 elementor-widget-divider--view-line elementor-widget elementor-widget-divider\" data-id=\"d99f465\" data-element_type=\"widget\" data-widget_type=\"divider.default\">\n\t\t\t\t<div class=\"elementor-widget-container\">\n\t\t\t\t\t\t\t<div class=\"elementor-divider\">\n\t\t\t<span class=\"elementor-divider-separator\">\n\t\t\t\t\t\t<\/span>\n\t\t<\/div>\n\t\t\t\t\t\t<\/div>\n\t\t\t\t<\/div>\n\t\t\t\t<div class=\"elementor-element elementor-element-3ebcc79 elementor-icon-list--layout-inline elementor-tablet-align-center elementor-align-center elementor-list-item-link-full_width elementor-widget elementor-widget-icon-list\" data-id=\"3ebcc79\" data-element_type=\"widget\" data-widget_type=\"icon-list.default\">\n\t\t\t\t<div class=\"elementor-widget-container\">\n\t\t\t\t\t\t\t<ul class=\"elementor-icon-list-items elementor-inline-items\">\n\t\t\t\t\t\t\t<li class=\"elementor-icon-list-item elementor-inline-item\">\n\t\t\t\t\t\t\t\t\t\t\t<a href=\"tel:0500481288\">\n\n\t\t\t\t\t\t\t\t\t\t\t<span class=\"elementor-icon-list-text\">0500 481 288<\/span>\n\t\t\t\t\t\t\t\t\t\t\t<\/a>\n\t\t\t\t\t\t\t\t\t<\/li>\n\t\t\t\t\t\t\t\t<li class=\"elementor-icon-list-item elementor-inline-item\">\n\t\t\t\t\t\t\t\t\t\t<span class=\"elementor-icon-list-text\">Sibeliuksenkatu 9 A 13100 H\u00e4meenlinna<\/span>\n\t\t\t\t\t\t\t\t\t<\/li>\n\t\t\t\t\t\t\t\t<li class=\"elementor-icon-list-item elementor-inline-item\">\n\t\t\t\t\t\t\t\t\t\t\t<a href=\"mailto:eskelinen@asianajotori.fi\">\n\n\t\t\t\t\t\t\t\t\t\t\t<span class=\"elementor-icon-list-text\">eskelinen@asianajotori.fi<\/span>\n\t\t\t\t\t\t\t\t\t\t\t<\/a>\n\t\t\t\t\t\t\t\t\t<\/li>\n\t\t\t\t\t\t<\/ul>\n\t\t\t\t\t\t<\/div>\n\t\t\t\t<\/div>\n\t\t\t\t<\/div>\n\t\t<div class=\"elementor-element elementor-element-215cc212 e-flex e-con-boxed e-con e-parent\" data-id=\"215cc212\" data-element_type=\"container\" data-settings=\"{&quot;background_background&quot;:&quot;classic&quot;}\">\n\t\t\t\t\t<div class=\"e-con-inner\">\n\t\t<div class=\"elementor-element elementor-element-4a1952a e-con-full e-flex e-con e-child\" data-id=\"4a1952a\" data-element_type=\"container\">\n\t\t\t\t<div class=\"elementor-element elementor-element-45fff99 elementor-widget__width-initial elementor-widget elementor-widget-text-editor\" data-id=\"45fff99\" data-element_type=\"widget\" data-widget_type=\"text-editor.default\">\n\t\t\t\t<div class=\"elementor-widget-container\">\n\t\t\t\t\t\t\t\t\t<p>Asianajotoimintamme kohdistuu yksityisen ihmisen ja yrityksen ongelmien tunnistamiseen sek\u00e4 niiden ratkaisemiseen juridisin keinoin. Palvelumme on aina asiakasl\u00e4ht\u00f6inen ja asiakkaan hyvinvointiin t\u00e4ht\u00e4\u00e4v\u00e4. Pystymme palvelemaan laadulla vaativintakin asiakasta.<\/p>\t\t\t\t\t\t\t\t<\/div>\n\t\t\t\t<\/div>\n\t\t\t\t<\/div>\n\t\t\t\t<div class=\"elementor-element elementor-element-55500698 elementor-widget elementor-widget-heading\" data-id=\"55500698\" data-element_type=\"widget\" data-widget_type=\"heading.default\">\n\t\t\t\t<div class=\"elementor-widget-container\">\n\t\t\t\t\t<h5 class=\"elementor-heading-title elementor-size-default\">Toimintamme painopistealueet ovat:\n\n<\/h5>\t\t\t\t<\/div>\n\t\t\t\t<\/div>\n\t\t<div class=\"elementor-element elementor-element-57b8cb33 e-con-full e-flex e-con e-child\" data-id=\"57b8cb33\" data-element_type=\"container\">\n\t\t<div class=\"elementor-element elementor-element-65365aa3 e-flex e-con-boxed e-con e-child\" data-id=\"65365aa3\" data-element_type=\"container\" data-settings=\"{&quot;background_background&quot;:&quot;classic&quot;}\">\n\t\t\t\t\t<div class=\"e-con-inner\">\n\t\t\t\t<div class=\"elementor-element elementor-element-6f2eb7a elementor-widget elementor-widget-heading\" data-id=\"6f2eb7a\" data-element_type=\"widget\" data-widget_type=\"heading.default\">\n\t\t\t\t<div class=\"elementor-widget-container\">\n\t\t\t\t\t<h2 class=\"elementor-heading-title elementor-size-default\">Yksityisille<\/h2>\t\t\t\t<\/div>\n\t\t\t\t<\/div>\n\t\t\t\t<div class=\"elementor-element elementor-element-3550d144 elementor-widget elementor-widget-text-editor\" data-id=\"3550d144\" data-element_type=\"widget\" data-widget_type=\"text-editor.default\">\n\t\t\t\t<div class=\"elementor-widget-container\">\n\t\t\t\t\t\t\t\t\t<ul><li>\u2022 perhe- ja perint\u00f6oikeus<\/li><li>\u2022 ty\u00f6suhdeasiat<\/li><li>\u2022 asiakirjat kuten sopimukset, testamentit, avioehdot<\/li><li>\u2022 vahingonkorvausoikeus<\/li><li>\u2022 asuinkiinteist\u00f6n virheet kuten kosteusongelmat<\/li><li>\u2022 oikeudenk\u00e4ynnit<\/li><li>\u2022 muut riita-asiat<\/li><\/ul>\t\t\t\t\t\t\t\t<\/div>\n\t\t\t\t<\/div>\n\t\t\t\t\t<\/div>\n\t\t\t\t<\/div>\n\t\t<div class=\"elementor-element elementor-element-15b979fa e-flex e-con-boxed e-con e-child\" data-id=\"15b979fa\" data-element_type=\"container\" data-settings=\"{&quot;background_background&quot;:&quot;classic&quot;}\">\n\t\t\t\t\t<div class=\"e-con-inner\">\n\t\t\t\t<div class=\"elementor-element elementor-element-23455fd5 elementor-widget elementor-widget-heading\" data-id=\"23455fd5\" data-element_type=\"widget\" data-widget_type=\"heading.default\">\n\t\t\t\t<div class=\"elementor-widget-container\">\n\t\t\t\t\t<h2 class=\"elementor-heading-title elementor-size-default\">Yrityksille<\/h2>\t\t\t\t<\/div>\n\t\t\t\t<\/div>\n\t\t\t\t<div class=\"elementor-element elementor-element-331eed58 elementor-widget elementor-widget-text-editor\" data-id=\"331eed58\" data-element_type=\"widget\" data-widget_type=\"text-editor.default\">\n\t\t\t\t<div class=\"elementor-widget-container\">\n\t\t\t\t\t\t\t\t\t<ul><li>\u2022 liikejuridiikka<\/li><li>\u2022 yhti\u00f6oikeus<\/li><li>\u2022 asunto-, rakennus- ja kiinteist\u00f6oikeus<\/li><li>\u2022 sopimusjuridiikka<\/li><li>\u2022 ty\u00f6oikeus<\/li><li>\u2022 muut riita-asiat<\/li><li>\u00a0<\/li><\/ul>\t\t\t\t\t\t\t\t<\/div>\n\t\t\t\t<\/div>\n\t\t\t\t\t<\/div>\n\t\t\t\t<\/div>\n\t\t\t\t<\/div>\n\t\t\t\t\t<\/div>\n\t\t\t\t<\/div>\n\t\t<div class=\"elementor-element elementor-element-5e21c16c e-flex e-con-boxed e-con e-parent\" data-id=\"5e21c16c\" data-element_type=\"container\">\n\t\t\t\t\t<div class=\"e-con-inner\">\n\t\t<div class=\"elementor-element elementor-element-5d97775a e-con-full e-flex e-con e-child\" data-id=\"5d97775a\" data-element_type=\"container\">\n\t\t\t\t<div class=\"elementor-element elementor-element-b33531a elementor-widget elementor-widget-heading\" data-id=\"b33531a\" data-element_type=\"widget\" data-widget_type=\"heading.default\">\n\t\t\t\t<div class=\"elementor-widget-container\">\n\t\t\t\t\t<h3 class=\"elementor-heading-title elementor-size-default\">Ota yhteytt\u00e4<\/h3>\t\t\t\t<\/div>\n\t\t\t\t<\/div>\n\t\t\t\t<div class=\"elementor-element elementor-element-6e59969b elementor-widget elementor-widget-text-editor\" data-id=\"6e59969b\" data-element_type=\"widget\" data-widget_type=\"text-editor.default\">\n\t\t\t\t<div class=\"elementor-widget-container\">\n\t\t\t\t\t\t\t\t\t<p>Ota meihin yhteytt\u00e4 soittamalla, laittamalla s\u00e4hk\u00f6postia tai t\u00e4ytt\u00e4m\u00e4ll\u00e4 yhteydenottolomake alla olevan linkin kautta<\/p>\t\t\t\t\t\t\t\t<\/div>\n\t\t\t\t<\/div>\n\t\t\t\t<div class=\"elementor-element elementor-element-683d00e7 elementor-mobile-align-center elementor-tablet-align-center elementor-widget elementor-widget-button\" data-id=\"683d00e7\" data-element_type=\"widget\" data-widget_type=\"button.default\">\n\t\t\t\t<div class=\"elementor-widget-container\">\n\t\t\t\t\t\t\t\t\t<div class=\"elementor-button-wrapper\">\n\t\t\t\t\t<a class=\"elementor-button elementor-button-link elementor-size-sm\" href=\"#\">\n\t\t\t\t\t\t<span class=\"elementor-button-content-wrapper\">\n\t\t\t\t\t\t\t\t\t<span class=\"elementor-button-text\">Ota yhteytt\u00e4<\/span>\n\t\t\t\t\t<\/span>\n\t\t\t\t\t<\/a>\n\t\t\t\t<\/div>\n\t\t\t\t\t\t\t\t<\/div>\n\t\t\t\t<\/div>\n\t\t\t\t<\/div>\n\t\t<div class=\"elementor-element elementor-element-4eec4096 e-con-full e-flex e-con e-child\" data-id=\"4eec4096\" data-element_type=\"container\">\n\t\t\t\t<div class=\"elementor-element elementor-element-58512848 elementor-widget elementor-widget-image-box\" data-id=\"58512848\" data-element_type=\"widget\" data-widget_type=\"image-box.default\">\n\t\t\t\t<div class=\"elementor-widget-container\">\n\t\t\t\t\t<div class=\"elementor-image-box-wrapper\"><div class=\"elementor-image-box-content\"><h3 class=\"elementor-image-box-title\">Jarmo Eskelinen<\/h3><p class=\"elementor-image-box-description\">Oikeustieteiden kandidaatti, varatuomari<br>\nAsianajaja vuodesta 1985<br>\nKiinteist\u00f6liitto Kanta-H\u00e4me, neuvontalakimies<br>\nH\u00e4meen Yritt\u00e4j\u00e4t ry, yrityksen oikeusasianeuvonta\n\n<\/p><\/div><\/div>\t\t\t\t<\/div>\n\t\t\t\t<\/div>\n\t\t\t\t<\/div>\n\t\t\t\t\t<\/div>\n\t\t\t\t<\/div>\n\t\t<footer class=\"elementor-element elementor-element-63957fa e-flex e-con-boxed e-con e-parent\" data-id=\"63957fa\" data-element_type=\"container\">\n\t\t\t\t\t<div class=\"e-con-inner\">\n\t\t<div class=\"elementor-element elementor-element-fcaf1c7 e-con-full e-flex e-con e-child\" data-id=\"fcaf1c7\" data-element_type=\"container\">\n\t\t\t\t<div class=\"elementor-element elementor-element-63a15bf elementor-widget elementor-widget-image\" data-id=\"63a15bf\" data-element_type=\"widget\" data-widget_type=\"image.default\">\n\t\t\t\t<div class=\"elementor-widget-container\">\n\t\t\t\t\t\t\t\t\t\t\t\t\t\t\t<img decoding=\"async\" width=\"400\" height=\"153\" src=\"http:\/\/www.asianajotori.fi\/wp-content\/uploads\/2024\/05\/logo_index_2-1.jpg\" class=\"attachment-full size-full wp-image-285\" alt=\"\" srcset=\"http:\/\/www.asianajotori.fi\/wp-content\/uploads\/2024\/05\/logo_index_2-1.jpg 400w, http:\/\/www.asianajotori.fi\/wp-content\/uploads\/2024\/05\/logo_index_2-1-300x115.jpg 300w\" sizes=\"(max-width: 400px) 100vw, 400px\" \/>\t\t\t\t\t\t\t\t\t\t\t\t\t\t\t<\/div>\n\t\t\t\t<\/div>\n\t\t\t\t<\/div>\n\t\t<div class=\"elementor-element elementor-element-abc62e6 e-con-full e-flex e-con e-child\" data-id=\"abc62e6\" data-element_type=\"container\">\n\t\t\t\t<div class=\"elementor-element elementor-element-2cd8a7c elementor-icon-list--layout-inline elementor-tablet-align-center elementor-align-center elementor-list-item-link-full_width elementor-widget elementor-widget-icon-list\" data-id=\"2cd8a7c\" data-element_type=\"widget\" data-widget_type=\"icon-list.default\">\n\t\t\t\t<div class=\"elementor-widget-container\">\n\t\t\t\t\t\t\t<ul class=\"elementor-icon-list-items elementor-inline-items\">\n\t\t\t\t\t\t\t<li class=\"elementor-icon-list-item elementor-inline-item\">\n\t\t\t\t\t\t\t\t\t\t<span class=\"elementor-icon-list-text\">0500 481 288<\/span>\n\t\t\t\t\t\t\t\t\t<\/li>\n\t\t\t\t\t\t\t\t<li class=\"elementor-icon-list-item elementor-inline-item\">\n\t\t\t\t\t\t\t\t\t\t<span class=\"elementor-icon-list-text\">Sibeliuksenkatu 9 A 13100 H\u00e4meenlinna<\/span>\n\t\t\t\t\t\t\t\t\t<\/li>\n\t\t\t\t\t\t\t\t<li class=\"elementor-icon-list-item elementor-inline-item\">\n\t\t\t\t\t\t\t\t\t\t<span class=\"elementor-icon-list-text\">eskelinen@asianajotori.fi<\/span>\n\t\t\t\t\t\t\t\t\t<\/li>\n\t\t\t\t\t\t<\/ul>\n\t\t\t\t\t\t<\/div>\n\t\t\t\t<\/div>\n\t\t\t\t<div class=\"elementor-element elementor-element-65d687c elementor-widget elementor-widget-heading\" data-id=\"65d687c\" data-element_type=\"widget\" data-widget_type=\"heading.default\">\n\t\t\t\t<div class=\"elementor-widget-container\">\n\t\t\t\t\t<h2 class=\"elementor-heading-title elementor-size-default\">Verkkolaskutiedot<\/h2>\t\t\t\t<\/div>\n\t\t\t\t<\/div>\n\t\t\t\t<div class=\"elementor-element elementor-element-ffdecb6 elementor-icon-list--layout-inline elementor-tablet-align-center elementor-align-center elementor-list-item-link-full_width elementor-widget elementor-widget-icon-list\" data-id=\"ffdecb6\" data-element_type=\"widget\" data-widget_type=\"icon-list.default\">\n\t\t\t\t<div class=\"elementor-widget-container\">\n\t\t\t\t\t\t\t<ul class=\"elementor-icon-list-items elementor-inline-items\">\n\t\t\t\t\t\t\t<li class=\"elementor-icon-list-item elementor-inline-item\">\n\t\t\t\t\t\t\t\t\t\t<span class=\"elementor-icon-list-text\">Asianajotoimisto Eskelinen Oy\t<\/span>\n\t\t\t\t\t\t\t\t\t<\/li>\n\t\t\t\t\t\t\t\t<li class=\"elementor-icon-list-item elementor-inline-item\">\n\t\t\t\t\t\t\t\t\t\t<span class=\"elementor-icon-list-text\">Verkkolaskuosoite : 003717386392<\/span>\n\t\t\t\t\t\t\t\t\t<\/li>\n\t\t\t\t\t\t\t\t<li class=\"elementor-icon-list-item elementor-inline-item\">\n\t\t\t\t\t\t\t\t\t\t<span class=\"elementor-icon-list-text\">Operaattoritunnus: 003708599126\t<\/span>\n\t\t\t\t\t\t\t\t\t<\/li>\n\t\t\t\t\t\t<\/ul>\n\t\t\t\t\t\t<\/div>\n\t\t\t\t<\/div>\n\t\t\t\t<\/div>\n\t\t<div class=\"elementor-element elementor-element-92f47e1 e-con-full e-flex e-con e-child\" data-id=\"92f47e1\" data-element_type=\"container\">\n\t\t\t\t<div class=\"elementor-element elementor-element-e0d74f1 elementor-widget elementor-widget-image\" data-id=\"e0d74f1\" data-element_type=\"widget\" data-widget_type=\"image.default\">\n\t\t\t\t<div class=\"elementor-widget-container\">\n\t\t\t\t\t\t\t\t\t\t\t\t\t\t\t<img decoding=\"async\" width=\"1080\" height=\"265\" src=\"http:\/\/www.asianajotori.fi\/wp-content\/uploads\/2025\/01\/TEXTRIGHT_BLACK_1080x265.png\" class=\"attachment-full size-full wp-image-505\" alt=\"\" srcset=\"http:\/\/www.asianajotori.fi\/wp-content\/uploads\/2025\/01\/TEXTRIGHT_BLACK_1080x265.png 1080w, http:\/\/www.asianajotori.fi\/wp-content\/uploads\/2025\/01\/TEXTRIGHT_BLACK_1080x265-300x74.png 300w, http:\/\/www.asianajotori.fi\/wp-content\/uploads\/2025\/01\/TEXTRIGHT_BLACK_1080x265-1024x251.png 1024w, http:\/\/www.asianajotori.fi\/wp-content\/uploads\/2025\/01\/TEXTRIGHT_BLACK_1080x265-768x188.png 768w, http:\/\/www.asianajotori.fi\/wp-content\/uploads\/2025\/01\/TEXTRIGHT_BLACK_1080x265-624x153.png 624w\" sizes=\"(max-width: 1080px) 100vw, 1080px\" \/>\t\t\t\t\t\t\t\t\t\t\t\t\t\t\t<\/div>\n\t\t\t\t<\/div>\n\t\t\t\t<div class=\"elementor-element elementor-element-4e211a7 elementor-widget elementor-widget-image\" data-id=\"4e211a7\" data-element_type=\"widget\" data-widget_type=\"image.default\">\n\t\t\t\t<div class=\"elementor-widget-container\">\n\t\t\t\t\t\t\t\t\t\t\t\t\t\t\t<img loading=\"lazy\" decoding=\"async\" width=\"150\" height=\"89\" src=\"http:\/\/www.asianajotori.fi\/wp-content\/uploads\/2017\/07\/aaa-fin.jpg\" class=\"attachment-full size-full wp-image-89\" alt=\"\" \/>\t\t\t\t\t\t\t\t\t\t\t\t\t\t\t<\/div>\n\t\t\t\t<\/div>\n\t\t\t\t<\/div>\n\t\t\t\t\t<\/div>\n\t\t\t\t<\/footer>\n\t\t<div class=\"elementor-element elementor-element-c021295 e-flex e-con-boxed e-con e-parent\" data-id=\"c021295\" data-element_type=\"container\" data-settings=\"{&quot;background_background&quot;:&quot;classic&quot;}\">\n\t\t\t\t\t<div class=\"e-con-inner\">\n\t\t\t\t<div class=\"elementor-element elementor-element-1c5e43f elementor-widget elementor-widget-heading\" data-id=\"1c5e43f\" data-element_type=\"widget\" data-widget_type=\"heading.default\">\n\t\t\t\t<div class=\"elementor-widget-container\">\n\t\t\t\t\t<p class=\"elementor-heading-title elementor-size-default\">\u00a9 2026 All Rights Reserved.<\/p>\t\t\t\t<\/div>\n\t\t\t\t<\/div>\n\t\t\t\t\t<\/div>\n\t\t\t\t<\/div>\n\t\t\t\t<\/div>\n\t\t","protected":false},"excerpt":{"rendered":"<p>Ota yhteytt\u00e4 Palvelut 0500 481 288 Sibeliuksenkatu 9 A 13100 H\u00e4meenlinna eskelinen@asianajotori.fi Asianajotoimintamme kohdistuu yksityisen ihmisen ja yrityksen ongelmien tunnistamiseen sek\u00e4 niiden ratkaisemiseen juridisin keinoin. Palvelumme on aina asiakasl\u00e4ht\u00f6inen ja asiakkaan hyvinvointiin t\u00e4ht\u00e4\u00e4v\u00e4. Pystymme palvelemaan laadulla vaativintakin asiakasta. Toimintamme painopistealueet ovat: Yksityisille \u2022 perhe- ja perint\u00f6oikeus \u2022 ty\u00f6suhdeasiat \u2022 asiakirjat kuten sopimukset, testamentit, avioehdot \u2022 vahingonkorvausoikeus \u2022 asuinkiinteist\u00f6n virheet kuten&#8230; <a href=\"http:\/\/www.asianajotori.fi\/en\/palvelut2\/\">Read more &raquo;<\/a><\/p>\n","protected":false},"author":2,"featured_media":0,"parent":0,"menu_order":0,"comment_status":"closed","ping_status":"closed","template":"elementor_canvas","meta":{"footnotes":""},"class_list":["post-379","page","type-page","status-publish","hentry"],"_links":{"self":[{"href":"http:\/\/www.asianajotori.fi\/en\/wp-json\/wp\/v2\/pages\/379","targetHints":{"allow":["GET"]}}],"collection":[{"href":"http:\/\/www.asianajotori.fi\/en\/wp-json\/wp\/v2\/pages"}],"about":[{"href":"http:\/\/www.asianajotori.fi\/en\/wp-json\/wp\/v2\/types\/page"}],"author":[{"embeddable":true,"href":"http:\/\/www.asianajotori.fi\/en\/wp-json\/wp\/v2\/users\/2"}],"replies":[{"embeddable":true,"href":"http:\/\/www.asianajotori.fi\/en\/wp-json\/wp\/v2\/comments?post=379"}],"version-history":[{"count":37,"href":"http:\/\/www.asianajotori.fi\/en\/wp-json\/wp\/v2\/pages\/379\/revisions"}],"predecessor-version":[{"id":593,"href":"http:\/\/www.asianajotori.fi\/en\/wp-json\/wp\/v2\/pages\/379\/revisions\/593"}],"wp:attachment":[{"href":"http:\/\/www.asianajotori.fi\/en\/wp-json\/wp\/v2\/media?parent=379"}],"curies":[{"name":"wp","href":"https:\/\/api.w.org\/{rel}","templated":true}]}}