{"id":444,"date":"2024-08-21T17:02:32","date_gmt":"2024-08-21T17:02:32","guid":{"rendered":"https:\/\/www.asianajotori.fi\/?page_id=444"},"modified":"2025-01-11T14:59:19","modified_gmt":"2025-01-11T14:59:19","slug":"jarmo-eskelinen","status":"publish","type":"page","link":"http:\/\/www.asianajotori.fi\/en\/jarmo-eskelinen\/","title":{"rendered":"Jarmo Eskelinen"},"content":{"rendered":"\t\t<div data-elementor-type=\"wp-page\" data-elementor-id=\"444\" class=\"elementor elementor-444\" data-elementor-post-type=\"page\">\n\t\t\t\t<div class=\"elementor-element elementor-element-c1d3ef8 e-con-full e-flex e-con e-parent\" data-id=\"c1d3ef8\" data-element_type=\"container\" data-settings=\"{&quot;background_background&quot;:&quot;classic&quot;,&quot;sticky&quot;:&quot;top&quot;,&quot;sticky_on&quot;:[&quot;desktop&quot;,&quot;tablet&quot;,&quot;mobile&quot;],&quot;sticky_offset&quot;:0,&quot;sticky_effects_offset&quot;:0,&quot;sticky_anchor_link_offset&quot;:0}\">\n\t\t<div class=\"elementor-element elementor-element-9f3b0fa e-con-full e-flex e-con e-child\" data-id=\"9f3b0fa\" data-element_type=\"container\">\n\t\t\t\t<div class=\"elementor-element elementor-element-f1d2875 elementor-widget elementor-widget-theme-site-logo elementor-widget-image\" data-id=\"f1d2875\" data-element_type=\"widget\" data-widget_type=\"theme-site-logo.default\">\n\t\t\t\t<div class=\"elementor-widget-container\">\n\t\t\t\t\t\t\t\t\t\t\t<a href=\"http:\/\/www.asianajotori.fi\/en\">\n\t\t\t<img fetchpriority=\"high\" decoding=\"async\" width=\"1028\" height=\"389\" src=\"http:\/\/www.asianajotori.fi\/wp-content\/uploads\/2024\/05\/Nimeton-malli-25.png\" class=\"attachment-full size-full wp-image-286\" alt=\"\" srcset=\"http:\/\/www.asianajotori.fi\/wp-content\/uploads\/2024\/05\/Nimeton-malli-25.png 1028w, http:\/\/www.asianajotori.fi\/wp-content\/uploads\/2024\/05\/Nimeton-malli-25-300x114.png 300w, http:\/\/www.asianajotori.fi\/wp-content\/uploads\/2024\/05\/Nimeton-malli-25-1024x387.png 1024w, http:\/\/www.asianajotori.fi\/wp-content\/uploads\/2024\/05\/Nimeton-malli-25-768x291.png 768w, http:\/\/www.asianajotori.fi\/wp-content\/uploads\/2024\/05\/Nimeton-malli-25-624x236.png 624w\" sizes=\"(max-width: 1028px) 100vw, 1028px\" \/>\t\t\t\t<\/a>\n\t\t\t\t\t\t\t\t\t\t\t<\/div>\n\t\t\t\t<\/div>\n\t\t\t\t<\/div>\n\t\t<div class=\"elementor-element elementor-element-1cf382e e-con-full e-flex e-con e-child\" data-id=\"1cf382e\" data-element_type=\"container\">\n\t\t\t\t<div class=\"elementor-element elementor-element-53e9bd7 elementor-nav-menu--stretch elementor-nav-menu__align-end elementor-nav-menu--dropdown-mobile elementor-nav-menu__text-align-aside elementor-nav-menu--toggle elementor-nav-menu--burger elementor-widget elementor-widget-nav-menu\" data-id=\"53e9bd7\" data-element_type=\"widget\" data-settings=\"{&quot;full_width&quot;:&quot;stretch&quot;,&quot;layout&quot;:&quot;horizontal&quot;,&quot;submenu_icon&quot;:{&quot;value&quot;:&quot;&lt;svg class=\\&quot;e-font-icon-svg e-fas-caret-down\\&quot; viewBox=\\&quot;0 0 320 512\\&quot; xmlns=\\&quot;http:\\\/\\\/www.w3.org\\\/2000\\\/svg\\&quot;&gt;&lt;path d=\\&quot;M31.3 192h257.3c17.8 0 26.7 21.5 14.1 34.1L174.1 354.8c-7.8 7.8-20.5 7.8-28.3 0L17.2 226.1C4.6 213.5 13.5 192 31.3 192z\\&quot;&gt;&lt;\\\/path&gt;&lt;\\\/svg&gt;&quot;,&quot;library&quot;:&quot;fa-solid&quot;},&quot;toggle&quot;:&quot;burger&quot;}\" data-widget_type=\"nav-menu.default\">\n\t\t\t\t<div class=\"elementor-widget-container\">\n\t\t\t\t\t\t\t\t<nav aria-label=\"Menu\" class=\"elementor-nav-menu--main elementor-nav-menu__container elementor-nav-menu--layout-horizontal e--pointer-underline e--animation-fade\">\n\t\t\t\t<ul id=\"menu-1-53e9bd7\" class=\"elementor-nav-menu\"><li class=\"menu-item menu-item-type-post_type menu-item-object-page menu-item-562\"><a href=\"http:\/\/www.asianajotori.fi\/en\/asianajotori\/\" class=\"elementor-item\">Asianajotori<\/a><\/li>\n<li class=\"menu-item menu-item-type-post_type menu-item-object-page menu-item-561\"><a href=\"http:\/\/www.asianajotori.fi\/en\/palvelut2\/\" class=\"elementor-item\">Palvelut2<\/a><\/li>\n<li class=\"menu-item menu-item-type-post_type menu-item-object-page menu-item-559\"><a href=\"http:\/\/www.asianajotori.fi\/en\/jarmo-eskelinen\/\" class=\"elementor-item\">Jarmo Eskelinen<\/a><\/li>\n<li class=\"menu-item menu-item-type-post_type menu-item-object-page menu-item-560\"><a href=\"http:\/\/www.asianajotori.fi\/en\/yhteydenotot2\/\" class=\"elementor-item\">Yhteydenotot2<\/a><\/li>\n<\/ul>\t\t\t<\/nav>\n\t\t\t\t\t<div class=\"elementor-menu-toggle\" role=\"button\" tabindex=\"0\" aria-label=\"Menu Toggle\" aria-expanded=\"false\">\n\t\t\t<svg aria-hidden=\"true\" role=\"presentation\" class=\"elementor-menu-toggle__icon--open e-font-icon-svg e-eicon-menu-bar\" viewBox=\"0 0 1000 1000\" xmlns=\"http:\/\/www.w3.org\/2000\/svg\"><path d=\"M104 333H896C929 333 958 304 958 271S929 208 896 208H104C71 208 42 237 42 271S71 333 104 333ZM104 583H896C929 583 958 554 958 521S929 458 896 458H104C71 458 42 487 42 521S71 583 104 583ZM104 833H896C929 833 958 804 958 771S929 708 896 708H104C71 708 42 737 42 771S71 833 104 833Z\"><\/path><\/svg><svg aria-hidden=\"true\" role=\"presentation\" class=\"elementor-menu-toggle__icon--close e-font-icon-svg e-eicon-close\" viewBox=\"0 0 1000 1000\" xmlns=\"http:\/\/www.w3.org\/2000\/svg\"><path d=\"M742 167L500 408 258 167C246 154 233 150 217 150 196 150 179 158 167 167 154 179 150 196 150 212 150 229 154 242 171 254L408 500 167 742C138 771 138 800 167 829 196 858 225 858 254 829L496 587 738 829C750 842 767 846 783 846 800 846 817 842 829 829 842 817 846 804 846 783 846 767 842 750 829 737L588 500 833 258C863 229 863 200 833 171 804 137 775 137 742 167Z\"><\/path><\/svg>\t\t<\/div>\n\t\t\t\t\t<nav class=\"elementor-nav-menu--dropdown elementor-nav-menu__container\" aria-hidden=\"true\">\n\t\t\t\t<ul id=\"menu-2-53e9bd7\" class=\"elementor-nav-menu\"><li class=\"menu-item menu-item-type-post_type menu-item-object-page menu-item-562\"><a href=\"http:\/\/www.asianajotori.fi\/en\/asianajotori\/\" class=\"elementor-item\" tabindex=\"-1\">Asianajotori<\/a><\/li>\n<li class=\"menu-item menu-item-type-post_type menu-item-object-page menu-item-561\"><a href=\"http:\/\/www.asianajotori.fi\/en\/palvelut2\/\" class=\"elementor-item\" tabindex=\"-1\">Palvelut2<\/a><\/li>\n<li class=\"menu-item menu-item-type-post_type menu-item-object-page menu-item-559\"><a href=\"http:\/\/www.asianajotori.fi\/en\/jarmo-eskelinen\/\" class=\"elementor-item\" tabindex=\"-1\">Jarmo Eskelinen<\/a><\/li>\n<li class=\"menu-item menu-item-type-post_type menu-item-object-page menu-item-560\"><a href=\"http:\/\/www.asianajotori.fi\/en\/yhteydenotot2\/\" class=\"elementor-item\" tabindex=\"-1\">Yhteydenotot2<\/a><\/li>\n<\/ul>\t\t\t<\/nav>\n\t\t\t\t\t\t<\/div>\n\t\t\t\t<\/div>\n\t\t\t\t<div class=\"elementor-element elementor-element-14cb5cb elementor-align-right elementor-widget elementor-widget-button\" data-id=\"14cb5cb\" data-element_type=\"widget\" data-widget_type=\"button.default\">\n\t\t\t\t<div class=\"elementor-widget-container\">\n\t\t\t\t\t\t\t\t\t<div class=\"elementor-button-wrapper\">\n\t\t\t\t\t<a class=\"elementor-button elementor-size-sm\" role=\"button\">\n\t\t\t\t\t\t<span class=\"elementor-button-content-wrapper\">\n\t\t\t\t\t\t\t\t\t<span class=\"elementor-button-text\">Ota yhteytt\u00e4<\/span>\n\t\t\t\t\t<\/span>\n\t\t\t\t\t<\/a>\n\t\t\t\t<\/div>\n\t\t\t\t\t\t\t\t<\/div>\n\t\t\t\t<\/div>\n\t\t\t\t<\/div>\n\t\t\t\t<\/div>\n\t\t<div class=\"elementor-element elementor-element-4a58248 e-con-full e-flex e-con e-parent\" data-id=\"4a58248\" data-element_type=\"container\" data-settings=\"{&quot;background_background&quot;:&quot;classic&quot;}\">\n\t\t\t\t<div class=\"elementor-element elementor-element-5acc161 elementor-widget elementor-widget-heading\" data-id=\"5acc161\" data-element_type=\"widget\" data-widget_type=\"heading.default\">\n\t\t\t\t<div class=\"elementor-widget-container\">\n\t\t\t\t\t<h2 class=\"elementor-heading-title elementor-size-default\">Jarmo Eskelinen<\/h2>\t\t\t\t<\/div>\n\t\t\t\t<\/div>\n\t\t\t\t<div class=\"elementor-element elementor-element-fcbf2dd elementor-widget-divider--view-line elementor-widget elementor-widget-divider\" data-id=\"fcbf2dd\" data-element_type=\"widget\" data-widget_type=\"divider.default\">\n\t\t\t\t<div class=\"elementor-widget-container\">\n\t\t\t\t\t\t\t<div class=\"elementor-divider\">\n\t\t\t<span class=\"elementor-divider-separator\">\n\t\t\t\t\t\t<\/span>\n\t\t<\/div>\n\t\t\t\t\t\t<\/div>\n\t\t\t\t<\/div>\n\t\t\t\t<div class=\"elementor-element elementor-element-e2a4468 elementor-icon-list--layout-inline elementor-tablet-align-center elementor-align-center elementor-list-item-link-full_width elementor-widget elementor-widget-icon-list\" data-id=\"e2a4468\" data-element_type=\"widget\" data-widget_type=\"icon-list.default\">\n\t\t\t\t<div class=\"elementor-widget-container\">\n\t\t\t\t\t\t\t<ul class=\"elementor-icon-list-items elementor-inline-items\">\n\t\t\t\t\t\t\t<li class=\"elementor-icon-list-item elementor-inline-item\">\n\t\t\t\t\t\t\t\t\t\t\t<a href=\"tel:0500481288\">\n\n\t\t\t\t\t\t\t\t\t\t\t<span class=\"elementor-icon-list-text\">0500 481 288<\/span>\n\t\t\t\t\t\t\t\t\t\t\t<\/a>\n\t\t\t\t\t\t\t\t\t<\/li>\n\t\t\t\t\t\t\t\t<li class=\"elementor-icon-list-item elementor-inline-item\">\n\t\t\t\t\t\t\t\t\t\t<span class=\"elementor-icon-list-text\">Sibeliuksenkatu 9 A 13100 H\u00e4meenlinna<\/span>\n\t\t\t\t\t\t\t\t\t<\/li>\n\t\t\t\t\t\t\t\t<li class=\"elementor-icon-list-item elementor-inline-item\">\n\t\t\t\t\t\t\t\t\t\t\t<a href=\"mailto:eskelinen@asianajotori.fi\">\n\n\t\t\t\t\t\t\t\t\t\t\t<span class=\"elementor-icon-list-text\">eskelinen@asianajotori.fi<\/span>\n\t\t\t\t\t\t\t\t\t\t\t<\/a>\n\t\t\t\t\t\t\t\t\t<\/li>\n\t\t\t\t\t\t<\/ul>\n\t\t\t\t\t\t<\/div>\n\t\t\t\t<\/div>\n\t\t\t\t<\/div>\n\t\t<div class=\"elementor-element elementor-element-55660a85 e-con-full e-flex e-con e-parent\" data-id=\"55660a85\" data-element_type=\"container\" data-settings=\"{&quot;background_background&quot;:&quot;classic&quot;}\">\n\t\t<div class=\"elementor-element elementor-element-300c4bb1 e-flex e-con-boxed e-con e-child\" data-id=\"300c4bb1\" data-element_type=\"container\">\n\t\t\t\t\t<div class=\"e-con-inner\">\n\t\t<div class=\"elementor-element elementor-element-284bbbdb e-con-full e-flex e-con e-child\" data-id=\"284bbbdb\" data-element_type=\"container\">\n\t\t\t\t<div class=\"elementor-element elementor-element-35d53385 elementor-widget elementor-widget-heading\" data-id=\"35d53385\" data-element_type=\"widget\" data-widget_type=\"heading.default\">\n\t\t\t\t<div class=\"elementor-widget-container\">\n\t\t\t\t\t<h2 class=\"elementor-heading-title elementor-size-default\">Asianajaja Jarmo Eskelinen<\/h2>\t\t\t\t<\/div>\n\t\t\t\t<\/div>\n\t\t\t\t<div class=\"elementor-element elementor-element-451fd704 elementor-widget elementor-widget-text-editor\" data-id=\"451fd704\" data-element_type=\"widget\" data-widget_type=\"text-editor.default\">\n\t\t\t\t<div class=\"elementor-widget-container\">\n\t\t\t\t\t\t\t\t\t<p>Oikeustieteiden kandidaatti, varatuomari<br \/>Asianajaja vuodesta 1985<br \/><br \/><\/p>\t\t\t\t\t\t\t\t<\/div>\n\t\t\t\t<\/div>\n\t\t\t\t<div class=\"elementor-element elementor-element-51042a7d animated-slow elementor-widget-divider--view-line elementor-invisible elementor-widget elementor-widget-divider\" data-id=\"51042a7d\" data-element_type=\"widget\" data-settings=\"{&quot;_animation&quot;:&quot;fadeIn&quot;,&quot;_animation_delay&quot;:&quot;200&quot;}\" data-widget_type=\"divider.default\">\n\t\t\t\t<div class=\"elementor-widget-container\">\n\t\t\t\t\t\t\t<div class=\"elementor-divider\">\n\t\t\t<span class=\"elementor-divider-separator\">\n\t\t\t\t\t\t<\/span>\n\t\t<\/div>\n\t\t\t\t\t\t<\/div>\n\t\t\t\t<\/div>\n\t\t\t\t<div class=\"elementor-element elementor-element-1c20357e elementor-widget elementor-widget-icon-box\" data-id=\"1c20357e\" data-element_type=\"widget\" data-widget_type=\"icon-box.default\">\n\t\t\t\t<div class=\"elementor-widget-container\">\n\t\t\t\t\t\t\t<div class=\"elementor-icon-box-wrapper\">\n\n\t\t\t\n\t\t\t\t\t\t<div class=\"elementor-icon-box-content\">\n\n\t\t\t\t\t\t\t\t\t<h3 class=\"elementor-icon-box-title\">\n\t\t\t\t\t\t<span  >\n\t\t\t\t\t\t\tJuridinen kokemus\t\t\t\t\t\t<\/span>\n\t\t\t\t\t<\/h3>\n\t\t\t\t\n\t\t\t\t\t\t\t\t\t<p class=\"elementor-icon-box-description\">\n\t\t\t\t\t\tHenkikirjoittaja<br>\nApulaisnimismies<br>\nVeroviraston asianvalvoja<br><br>Aikaisemmat osakkuudet asianajotoimistoissa:\nAsianajotoimisto Eskelinen ja Nisula Ay<br>\nAsianajotoimisto Eskelinen Oy<br>\nAsianajotoimisto Eskelinen ja Suokas Oy<br>\t\t\t\t\t<\/p>\n\t\t\t\t\n\t\t\t<\/div>\n\t\t\t\n\t\t<\/div>\n\t\t\t\t\t\t<\/div>\n\t\t\t\t<\/div>\n\t\t\t\t<\/div>\n\t\t\t\t<div class=\"elementor-element elementor-element-495db1b7 elementor-widget elementor-widget-icon-box\" data-id=\"495db1b7\" data-element_type=\"widget\" data-widget_type=\"icon-box.default\">\n\t\t\t\t<div class=\"elementor-widget-container\">\n\t\t\t\t\t\t\t<div class=\"elementor-icon-box-wrapper\">\n\n\t\t\t\n\t\t\t\t\t\t<div class=\"elementor-icon-box-content\">\n\n\t\t\t\t\t\t\t\t\t<h3 class=\"elementor-icon-box-title\">\n\t\t\t\t\t\t<span  >\n\t\t\t\t\t\t\taikaisemmat luottamusteht\u00e4v\u00e4t\t\t\t\t\t\t<\/span>\n\t\t\t\t\t<\/h3>\n\t\t\t\t\n\t\t\t\t\t\t\t\t\t<p class=\"elementor-icon-box-description\">\n\t\t\t\t\t\tKiinteist\u00f6liitto Kanta-H\u00e4me, neuvontalakimies<br>\nH\u00e4meen Yritt\u00e4j\u00e4t ry, yrityksen oikeusasianeuvonta<br>\nH\u00e4meenlinna- Yritt\u00e4j\u00e4uutiset, p\u00e4\u00e4toimittaja<br>\nSuomen Asianajajaliitto (valtuuston j\u00e4sen)<br>\nSuomen Asianajajaliiton H\u00e4meen osasto (hallituksen vpj)<br>\nH\u00e4meen Uusiyrityskeskus (hallituksen pj) Suomen<br>\nH\u00e4meen Yritt\u00e4j\u00e4t ry (hallituksen j\u00e4sen)<br>\nSuomen Kiinteist\u00f6liitto ry (hallituksen j\u00e4sen)<br>\nTalokeskus Oy, hallituksen j\u00e4sen<br>\nKanta-H\u00e4meen Kiinteist\u00f6yhdistys (Kiinteist\u00f6liitto Kanta-H\u00e4me), (hallituksen pj)<br>\nKanta-H\u00e4meen Talokeskus Oy (hallituksen vpj) <br>H\u00e4meenlinnan Yritt\u00e4j\u00e4t ry (hallituksen pj)<br>\nSuomen Palloliitto (liittovaltuusto)<br>\nSuomen Palloliitto Tampereen piiri (hallituksen j\u00e4sen)<br>\nH\u00e4meenlinnan Juniorijalkapallo HJS (hallituksen j\u00e4sen)\t\t\t\t\t<\/p>\n\t\t\t\t\n\t\t\t<\/div>\n\t\t\t\n\t\t<\/div>\n\t\t\t\t\t\t<\/div>\n\t\t\t\t<\/div>\n\t\t\t\t\t<\/div>\n\t\t\t\t<\/div>\n\t\t\t\t<\/div>\n\t\t<footer class=\"elementor-element elementor-element-519b235 e-flex e-con-boxed e-con e-parent\" data-id=\"519b235\" data-element_type=\"container\">\n\t\t\t\t\t<div class=\"e-con-inner\">\n\t\t<div class=\"elementor-element elementor-element-b6d3f00 e-con-full e-flex e-con e-child\" data-id=\"b6d3f00\" data-element_type=\"container\">\n\t\t\t\t<div class=\"elementor-element elementor-element-318d59a elementor-widget elementor-widget-image\" data-id=\"318d59a\" data-element_type=\"widget\" data-widget_type=\"image.default\">\n\t\t\t\t<div class=\"elementor-widget-container\">\n\t\t\t\t\t\t\t\t\t\t\t\t\t\t\t<img decoding=\"async\" width=\"400\" height=\"153\" src=\"http:\/\/www.asianajotori.fi\/wp-content\/uploads\/2024\/05\/logo_index_2-1.jpg\" class=\"attachment-full size-full wp-image-285\" alt=\"\" srcset=\"http:\/\/www.asianajotori.fi\/wp-content\/uploads\/2024\/05\/logo_index_2-1.jpg 400w, http:\/\/www.asianajotori.fi\/wp-content\/uploads\/2024\/05\/logo_index_2-1-300x115.jpg 300w\" sizes=\"(max-width: 400px) 100vw, 400px\" \/>\t\t\t\t\t\t\t\t\t\t\t\t\t\t\t<\/div>\n\t\t\t\t<\/div>\n\t\t\t\t<\/div>\n\t\t<div class=\"elementor-element elementor-element-5543d5a e-con-full e-flex e-con e-child\" data-id=\"5543d5a\" data-element_type=\"container\">\n\t\t\t\t<div class=\"elementor-element elementor-element-1b95dcf elementor-icon-list--layout-inline elementor-tablet-align-center elementor-align-center elementor-list-item-link-full_width elementor-widget elementor-widget-icon-list\" data-id=\"1b95dcf\" data-element_type=\"widget\" data-widget_type=\"icon-list.default\">\n\t\t\t\t<div class=\"elementor-widget-container\">\n\t\t\t\t\t\t\t<ul class=\"elementor-icon-list-items elementor-inline-items\">\n\t\t\t\t\t\t\t<li class=\"elementor-icon-list-item elementor-inline-item\">\n\t\t\t\t\t\t\t\t\t\t<span class=\"elementor-icon-list-text\">0500 481 288<\/span>\n\t\t\t\t\t\t\t\t\t<\/li>\n\t\t\t\t\t\t\t\t<li class=\"elementor-icon-list-item elementor-inline-item\">\n\t\t\t\t\t\t\t\t\t\t<span class=\"elementor-icon-list-text\">Sibeliuksenkatu 9 A 13100 H\u00e4meenlinna<\/span>\n\t\t\t\t\t\t\t\t\t<\/li>\n\t\t\t\t\t\t\t\t<li class=\"elementor-icon-list-item elementor-inline-item\">\n\t\t\t\t\t\t\t\t\t\t<span class=\"elementor-icon-list-text\">eskelinen@asianajotori.fi<\/span>\n\t\t\t\t\t\t\t\t\t<\/li>\n\t\t\t\t\t\t<\/ul>\n\t\t\t\t\t\t<\/div>\n\t\t\t\t<\/div>\n\t\t\t\t<div class=\"elementor-element elementor-element-e7bac55 elementor-widget elementor-widget-heading\" data-id=\"e7bac55\" data-element_type=\"widget\" data-widget_type=\"heading.default\">\n\t\t\t\t<div class=\"elementor-widget-container\">\n\t\t\t\t\t<h2 class=\"elementor-heading-title elementor-size-default\">Verkkolaskutiedot<\/h2>\t\t\t\t<\/div>\n\t\t\t\t<\/div>\n\t\t\t\t<div class=\"elementor-element elementor-element-de00564 elementor-icon-list--layout-inline elementor-tablet-align-center elementor-align-center elementor-list-item-link-full_width elementor-widget elementor-widget-icon-list\" data-id=\"de00564\" data-element_type=\"widget\" data-widget_type=\"icon-list.default\">\n\t\t\t\t<div class=\"elementor-widget-container\">\n\t\t\t\t\t\t\t<ul class=\"elementor-icon-list-items elementor-inline-items\">\n\t\t\t\t\t\t\t<li class=\"elementor-icon-list-item elementor-inline-item\">\n\t\t\t\t\t\t\t\t\t\t<span class=\"elementor-icon-list-text\">Asianajotoimisto Eskelinen Oy\t<\/span>\n\t\t\t\t\t\t\t\t\t<\/li>\n\t\t\t\t\t\t\t\t<li class=\"elementor-icon-list-item elementor-inline-item\">\n\t\t\t\t\t\t\t\t\t\t<span class=\"elementor-icon-list-text\">Verkkolaskuosoite : 003717386392<\/span>\n\t\t\t\t\t\t\t\t\t<\/li>\n\t\t\t\t\t\t\t\t<li class=\"elementor-icon-list-item elementor-inline-item\">\n\t\t\t\t\t\t\t\t\t\t<span class=\"elementor-icon-list-text\">Operaattoritunnus: 003708599126\t<\/span>\n\t\t\t\t\t\t\t\t\t<\/li>\n\t\t\t\t\t\t<\/ul>\n\t\t\t\t\t\t<\/div>\n\t\t\t\t<\/div>\n\t\t\t\t<\/div>\n\t\t<div class=\"elementor-element elementor-element-7a31208 e-con-full e-flex e-con e-child\" data-id=\"7a31208\" data-element_type=\"container\">\n\t\t\t\t<div class=\"elementor-element elementor-element-3a94af3 elementor-widget elementor-widget-image\" data-id=\"3a94af3\" data-element_type=\"widget\" data-widget_type=\"image.default\">\n\t\t\t\t<div class=\"elementor-widget-container\">\n\t\t\t\t\t\t\t\t\t\t\t\t\t\t\t<img decoding=\"async\" width=\"1080\" height=\"265\" src=\"http:\/\/www.asianajotori.fi\/wp-content\/uploads\/2025\/01\/TEXTRIGHT_BLACK_1080x265.png\" class=\"attachment-full size-full wp-image-505\" alt=\"\" srcset=\"http:\/\/www.asianajotori.fi\/wp-content\/uploads\/2025\/01\/TEXTRIGHT_BLACK_1080x265.png 1080w, http:\/\/www.asianajotori.fi\/wp-content\/uploads\/2025\/01\/TEXTRIGHT_BLACK_1080x265-300x74.png 300w, http:\/\/www.asianajotori.fi\/wp-content\/uploads\/2025\/01\/TEXTRIGHT_BLACK_1080x265-1024x251.png 1024w, http:\/\/www.asianajotori.fi\/wp-content\/uploads\/2025\/01\/TEXTRIGHT_BLACK_1080x265-768x188.png 768w, http:\/\/www.asianajotori.fi\/wp-content\/uploads\/2025\/01\/TEXTRIGHT_BLACK_1080x265-624x153.png 624w\" sizes=\"(max-width: 1080px) 100vw, 1080px\" \/>\t\t\t\t\t\t\t\t\t\t\t\t\t\t\t<\/div>\n\t\t\t\t<\/div>\n\t\t\t\t<div class=\"elementor-element elementor-element-c411e70 elementor-widget elementor-widget-image\" data-id=\"c411e70\" data-element_type=\"widget\" data-widget_type=\"image.default\">\n\t\t\t\t<div class=\"elementor-widget-container\">\n\t\t\t\t\t\t\t\t\t\t\t\t\t\t\t<img loading=\"lazy\" decoding=\"async\" width=\"150\" height=\"89\" src=\"http:\/\/www.asianajotori.fi\/wp-content\/uploads\/2017\/07\/aaa-fin.jpg\" class=\"attachment-full size-full wp-image-89\" alt=\"\" \/>\t\t\t\t\t\t\t\t\t\t\t\t\t\t\t<\/div>\n\t\t\t\t<\/div>\n\t\t\t\t<\/div>\n\t\t\t\t\t<\/div>\n\t\t\t\t<\/footer>\n\t\t\t\t<\/div>\n\t\t","protected":false},"excerpt":{"rendered":"<p>Ota yhteytt\u00e4 Jarmo Eskelinen 0500 481 288 Sibeliuksenkatu 9 A 13100 H\u00e4meenlinna eskelinen@asianajotori.fi Asianajaja Jarmo Eskelinen Oikeustieteiden kandidaatti, varatuomariAsianajaja vuodesta 1985 Juridinen kokemus Henkikirjoittaja Apulaisnimismies Veroviraston asianvalvoja Aikaisemmat osakkuudet asianajotoimistoissa: Asianajotoimisto Eskelinen ja Nisula Ay Asianajotoimisto Eskelinen Oy Asianajotoimisto Eskelinen ja Suokas Oy aikaisemmat luottamusteht\u00e4v\u00e4t Kiinteist\u00f6liitto Kanta-H\u00e4me, neuvontalakimies H\u00e4meen Yritt\u00e4j\u00e4t ry, yrityksen oikeusasianeuvonta H\u00e4meenlinna- Yritt\u00e4j\u00e4uutiset, p\u00e4\u00e4toimittaja Suomen Asianajajaliitto (valtuuston j\u00e4sen)&#8230; <a href=\"http:\/\/www.asianajotori.fi\/en\/jarmo-eskelinen\/\">Read more &raquo;<\/a><\/p>\n","protected":false},"author":2,"featured_media":0,"parent":0,"menu_order":0,"comment_status":"closed","ping_status":"closed","template":"elementor_canvas","meta":{"footnotes":""},"class_list":["post-444","page","type-page","status-publish","hentry"],"_links":{"self":[{"href":"http:\/\/www.asianajotori.fi\/en\/wp-json\/wp\/v2\/pages\/444","targetHints":{"allow":["GET"]}}],"collection":[{"href":"http:\/\/www.asianajotori.fi\/en\/wp-json\/wp\/v2\/pages"}],"about":[{"href":"http:\/\/www.asianajotori.fi\/en\/wp-json\/wp\/v2\/types\/page"}],"author":[{"embeddable":true,"href":"http:\/\/www.asianajotori.fi\/en\/wp-json\/wp\/v2\/users\/2"}],"replies":[{"embeddable":true,"href":"http:\/\/www.asianajotori.fi\/en\/wp-json\/wp\/v2\/comments?post=444"}],"version-history":[{"count":46,"href":"http:\/\/www.asianajotori.fi\/en\/wp-json\/wp\/v2\/pages\/444\/revisions"}],"predecessor-version":[{"id":587,"href":"http:\/\/www.asianajotori.fi\/en\/wp-json\/wp\/v2\/pages\/444\/revisions\/587"}],"wp:attachment":[{"href":"http:\/\/www.asianajotori.fi\/en\/wp-json\/wp\/v2\/media?parent=444"}],"curies":[{"name":"wp","href":"https:\/\/api.w.org\/{rel}","templated":true}]}}